{"id":696,"date":"2025-10-17T09:23:46","date_gmt":"2025-10-17T09:23:46","guid":{"rendered":"https:\/\/joviflex.pt\/saludis\/politica-de-cookies-ue-copy\/"},"modified":"2025-10-17T09:29:22","modified_gmt":"2025-10-17T09:29:22","slug":"termos-e-condicoes","status":"publish","type":"page","link":"https:\/\/joviflex.pt\/saludis\/termos-e-condicoes\/","title":{"rendered":"Termos e Condi\u00e7\u00f5es"},"content":{"rendered":"\t\t<div data-elementor-type=\"wp-page\" data-elementor-id=\"696\" class=\"elementor elementor-696\">\n\t\t\t\t<div class=\"elementor-element elementor-element-b2a8971 e-flex e-con-boxed e-con e-parent\" data-id=\"b2a8971\" data-element_type=\"container\">\n\t\t\t\t\t<div class=\"e-con-inner\">\n\t\t\t\t<div class=\"elementor-element elementor-element-f2cece6 elementor-widget elementor-widget-heading\" data-id=\"f2cece6\" data-element_type=\"widget\" data-widget_type=\"heading.default\">\n\t\t\t\t<div class=\"elementor-widget-container\">\n\t\t\t<style>\/*! elementor - v3.21.0 - 26-05-2024 *\/\n.elementor-heading-title{padding:0;margin:0;line-height:1}.elementor-widget-heading .elementor-heading-title[class*=elementor-size-]>a{color:inherit;font-size:inherit;line-height:inherit}.elementor-widget-heading .elementor-heading-title.elementor-size-small{font-size:15px}.elementor-widget-heading .elementor-heading-title.elementor-size-medium{font-size:19px}.elementor-widget-heading .elementor-heading-title.elementor-size-large{font-size:29px}.elementor-widget-heading .elementor-heading-title.elementor-size-xl{font-size:39px}.elementor-widget-heading .elementor-heading-title.elementor-size-xxl{font-size:59px}<\/style><h2 class=\"elementor-heading-title elementor-size-default\"><h2 data-elementor-setting-key=\"title\" data-pen-placeholder=\"Digite aqui...\" style=\"color: rgb(0, 0, 0); font-family: Roboto, sans-serif; font-weight: 900; line-height: 1.1; font-size: 2em; font-style: normal; font-variant-ligatures: normal; font-variant-caps: normal;\">Termos e Condi\u00e7\u00f5es<span style=\"color: rgb(110, 193, 228); font-family: Roboto, sans-serif; font-size: 20px; font-weight: 600;\"><\/span><\/h2><\/h2>\t\t<\/div>\n\t\t\t\t<\/div>\n\t\t\t\t<div class=\"elementor-element elementor-element-239dfa2a elementor-widget elementor-widget-text-editor\" data-id=\"239dfa2a\" data-element_type=\"widget\" data-widget_type=\"text-editor.default\">\n\t\t\t\t<div class=\"elementor-widget-container\">\n\t\t\t<style>\/*! elementor - v3.21.0 - 26-05-2024 *\/\n.elementor-widget-text-editor.elementor-drop-cap-view-stacked .elementor-drop-cap{background-color:#69727d;color:#fff}.elementor-widget-text-editor.elementor-drop-cap-view-framed .elementor-drop-cap{color:#69727d;border:3px solid;background-color:transparent}.elementor-widget-text-editor:not(.elementor-drop-cap-view-default) .elementor-drop-cap{margin-top:8px}.elementor-widget-text-editor:not(.elementor-drop-cap-view-default) .elementor-drop-cap-letter{width:1em;height:1em}.elementor-widget-text-editor .elementor-drop-cap{float:left;text-align:center;line-height:1;font-size:50px}.elementor-widget-text-editor .elementor-drop-cap-letter{display:inline-block}<\/style>\t\t\t\t<h4 style=\"color: rgb(50, 50, 50); font-family: Poppins, sans-serif; font-size: 1.2em; line-height: 1.22; font-style: normal; font-variant-ligatures: normal; font-variant-caps: normal;\"><span style=\"color: rgb(122, 122, 122); font-family: Roboto, sans-serif;\"><span style=\"font-size: 15px; font-weight: 400;\">Seja bem-vindo ao site da SALUDIS. Antes de explorar tudo o que temos a oferecer, \u00e9 importante que entenda e concorde com algumas regras b\u00e1sicas que regem o uso do nosso site <a href=\"http:\/\/www.joviflex.pt\/saludis\">www.joviflex.pt\/saludis<\/a>, e qualquer outro servi\u00e7o digital que n\u00f3s oferecemos, como lojas e plataformas de e-commerce.<\/span><\/span><\/h4><h4 style=\"color: rgb(50, 50, 50); font-family: Poppins, sans-serif; font-size: 1.2em; line-height: 1.22; font-style: normal; font-variant-ligatures: normal; font-variant-caps: normal;\"><span style=\"font-size: 15px; font-weight: 400; color: rgb(122, 122, 122); font-family: Roboto, sans-serif; word-spacing: normal;\">Ao utilizar o nosso site e servi\u00e7os, automaticamente concorda em seguir as regras estabelecidas aqui. Caso n\u00e3o concorde com alguma coisa, por favor, considere n\u00e3o utilizar os nossos servi\u00e7os. \u00c9 muito importante para n\u00f3s que se sinta seguro e informado a todo momento.<\/span><\/h4><p style=\"font-family: Roboto, sans-serif; font-size: 15px; font-style: normal; font-variant-ligatures: normal; font-variant-caps: normal; font-weight: 400;\"><span style=\"color: rgb(50, 50, 50); font-family: Poppins, sans-serif;\"><span style=\"font-size: 24.375px;\"><span style=\"font-weight: 700;\">1.&nbsp;<\/span><\/span><\/span><span style=\"color: rgb(50, 50, 50); font-family: Poppins, sans-serif;\"><span style=\"font-size: 24.375px;\"><span style=\"font-weight: 700;\">Aceita\u00e7\u00e3o dos Termos e Condi\u00e7\u00f5es<\/span><\/span><\/span><\/p><p style=\"font-family: Roboto, sans-serif; font-size: 15px; font-style: normal; font-variant-ligatures: normal; font-variant-caps: normal; font-weight: 400;\"><\/p><p style=\"font-family: Roboto, sans-serif; font-size: 15px; font-style: normal; font-variant-ligatures: normal; font-variant-caps: normal; font-weight: 400;\">Ao navegar e utilizar o site da SALUDIS, voc\u00ea concorda automaticamente com as nossas regras e condi\u00e7\u00f5es. Estamos sempre a procurar melhorar, ent\u00e3o estes termos e condi\u00e7\u00f5es podem alterar ocasionalmente, sem aviso pr\u00e9vio. Se fizermos altera\u00e7\u00f5es significativas, vamos colocar as atualiza\u00e7\u00f5es aqui no site. Continuar a utilizar o site ap\u00f3s essas altera\u00e7\u00f5es significa que aceita os novos termos.<\/p><p style=\"font-family: Roboto, sans-serif; font-size: 15px; font-style: normal; font-variant-ligatures: normal; font-variant-caps: normal; font-weight: 400;\"><span style=\"color: rgb(50, 50, 50); font-family: Poppins, sans-serif;\"><span style=\"font-size: 24.375px;\"><span style=\"font-weight: 700;\">2.&nbsp;<\/span><\/span><\/span><span style=\"color: rgb(50, 50, 50); font-family: Poppins, sans-serif;\"><span style=\"font-size: 24.375px;\"><span style=\"font-weight: 700;\">Como utilizar o nosso site<\/span><\/span><\/span><\/p><p style=\"font-family: Roboto, sans-serif; font-size: 15px; font-style: normal; font-variant-ligatures: normal; font-variant-caps: normal; font-weight: 400;\">A maior parte do nosso site est\u00e1 aberto, sem a necessidade de registo. No entanto, algumas sec\u00e7\u00f5es especiais podem exigir que seja criada uma conta. Pedimos que seja honesto ao fornecer as suas informa\u00e7\u00f5es e que mantenha a sua password e login seguros. Se decidir partilhar algum conte\u00fado connosco, como coment\u00e1rios, por favor, fa\u00e7a-o de maneira respeitosa e dentro da lei.<\/p><p style=\"font-family: Roboto, sans-serif; font-size: 15px; font-style: normal; font-variant-ligatures: normal; font-variant-caps: normal; font-weight: 400;\"><span style=\"color: rgb(50, 50, 50); font-family: Poppins, sans-serif;\"><span style=\"font-size: 24.375px;\"><span style=\"font-weight: 700;\">3.&nbsp;<\/span><\/span><\/span><span style=\"color: rgb(50, 50, 50); font-family: Poppins, sans-serif;\"><span style=\"font-size: 24.375px;\"><span style=\"font-weight: 700;\">Privacidade<\/span><\/span><\/span><\/p><p style=\"font-family: Roboto, sans-serif; font-size: 15px; font-style: normal; font-variant-ligatures: normal; font-variant-caps: normal; font-weight: 400;\"><\/p><p style=\"font-family: Roboto, sans-serif; font-size: 15px; font-style: normal; font-variant-ligatures: normal; font-variant-caps: normal; font-weight: 400;\">Na SALUDIS, a privacidade \u00e9 um valor essencial. Ao interagir com o nosso site,&nbsp; aceita nossa Pol\u00edtica de Privacidade, que detalha a nossa abordagem respons\u00e1vel e conforme as leis para a utiliza\u00e7\u00e3o dos seus dados pessoais. O nosso compromisso \u00e9 com a transpar\u00eancia e a seguran\u00e7a: explicamos como recolhemos, utilizamos e protegemos as suas informa\u00e7\u00f5es, garantindo a sua privacidade e oferecendo controlo sobre os seus dados.<\/p><p style=\"font-family: Roboto, sans-serif; font-size: 15px; font-style: normal; font-variant-ligatures: normal; font-variant-caps: normal; font-weight: 400;\"><span style=\"word-spacing: normal;\">Adoptamos pr\u00e1ticas de seguran\u00e7a para proteger as suas informa\u00e7\u00f5es contra acessos n\u00e3o autorizados e partilha indevida, assegurando que qualquer coopera\u00e7\u00e3o com terceiros ocorra apenas com base na sua aprova\u00e7\u00e3o ou exig\u00eancias legais claras, reafirmando o nosso comprometimento com a sua confian\u00e7a e seguran\u00e7a digital.<\/span><\/p><p style=\"font-family: Roboto, sans-serif; font-size: 15px; font-style: normal; font-variant-ligatures: normal; font-variant-caps: normal; font-weight: 400;\"><span style=\"color: rgb(50, 50, 50); font-family: Poppins, sans-serif;\"><span style=\"font-size: 24.375px;\"><span style=\"font-weight: 700;\">4.&nbsp;<\/span><\/span><\/span><span style=\"color: rgb(50, 50, 50); font-family: Poppins, sans-serif;\"><span style=\"font-size: 24.375px;\"><span style=\"font-weight: 700;\">Direitos de conte\u00fado<\/span><\/span><\/span><\/p><p style=\"font-family: Roboto, sans-serif; font-size: 15px; font-style: normal; font-variant-ligatures: normal; font-variant-caps: normal; font-weight: 400;\"><\/p><p style=\"font-family: Roboto, sans-serif; font-size: 15px; font-style: normal; font-variant-ligatures: normal; font-variant-caps: normal; font-weight: 400;\">O conte\u00fado dispon\u00edvel no site da SALUDIS, incluindo, mas n\u00e3o se limitando a, textos, imagens, ilustra\u00e7\u00f5es, designs, \u00edcones, fotografias, programas de computador, videoclipes e \u00e1udios, constitui propriedade intelectual protegida tanto pela legisla\u00e7\u00e3o nacional quanto por tratados internacionais sobre direitos autorais e propriedade industrial. Essa propriedade engloba n\u00e3o apenas materiais diretamente produzidos e publicados por n\u00f3s, mas tamb\u00e9m conte\u00fados que s\u00e3o utilizados sob licen\u00e7a ou permiss\u00e3o de terceiros, garantindo que todos os direitos sejam respeitados conforme as normativas vigentes.<\/p><p style=\"font-family: Roboto, sans-serif; font-size: 15px; font-style: normal; font-variant-ligatures: normal; font-variant-caps: normal; font-weight: 400;\">Ao aceder ao nosso site, voc\u00ea recebe uma licen\u00e7a limitada, n\u00e3o exclusiva e revog\u00e1vel para visualizar e utilizar o conte\u00fado para fins pessoais e n\u00e3o comerciais. Isso implica que qualquer reprodu\u00e7\u00e3o, distribui\u00e7\u00e3o, transmiss\u00e3o ou modifica\u00e7\u00e3o do conte\u00fado, sem a devida autoriza\u00e7\u00e3o escrita da SALUDIS, \u00e9 estritamente proibida. Tal restri\u00e7\u00e3o visa proteger os direitos de propriedade intelectual associados aos materiais disponibilizados, assegurando que sua utiliza\u00e7\u00e3o n\u00e3o infrinja os direitos dos criadores ou detentores desses direitos, al\u00e9m de promover um ambiente de respeito e valoriza\u00e7\u00e3o da criatividade e inova\u00e7\u00e3o.<\/p><p style=\"font-family: Roboto, sans-serif; font-size: 15px; font-style: normal; font-variant-ligatures: normal; font-variant-caps: normal; font-weight: 400;\"><\/p><h3 style=\"color: rgb(50, 50, 50); font-family: Poppins, sans-serif; font-size: 1.625em; line-height: 1.15; font-style: normal; font-variant-ligatures: normal; font-variant-caps: normal;\">5. Cookies&nbsp;<\/h3><p style=\"font-family: Roboto, sans-serif; font-size: 15px; font-style: normal; font-variant-ligatures: normal; font-variant-caps: normal; font-weight: 400;\"><\/p><p style=\"font-family: Roboto, sans-serif; font-size: 15px; font-style: normal; font-variant-ligatures: normal; font-variant-caps: normal; font-weight: 400;\">Utilizamos cookies para melhorar a sua experi\u00eancia, recolhendo informa\u00e7\u00f5es an\u00f3nimas durante a sua visita, como suas prefer\u00eancias de idioma, dura\u00e7\u00e3o da visita, p\u00e1ginas acedidas, e outras estat\u00edsticas de utiliza\u00e7\u00e3o. Estes dados ajudam-nos a personalizar o conte\u00fado, optimizar a navega\u00e7\u00e3o, melhorar continuamente o site em design e funcionalidade, e garantir sua seguran\u00e7a online. Esta pr\u00e1tica \u00e9 essencial para nos permitir oferecer um servi\u00e7o mais ajustado \u00e0s suas necessidades e resolver qualquer problema que possa surgir mais rapidamente.<\/p><p style=\"font-family: Roboto, sans-serif; font-size: 15px; font-style: normal; font-variant-ligatures: normal; font-variant-caps: normal; font-weight: 400;\"><span style=\"word-spacing: normal;\">Se voc\u00ea preferir limitar ou recusar o uso de cookies, a configura\u00e7\u00e3o pode ser ajustada atrav\u00e9s do seu navegador. Isso pode afetar a sua experi\u00eancia no site, pois algumas funcionalidades dependem dos cookies para funcionar corretamente. Entendemos a import\u00e2ncia do controle sobre suas informa\u00e7\u00f5es e queremos que voc\u00ea saiba que, ao ajustar as configura\u00e7\u00f5es para bloquear cookies, algumas partes do nosso site podem n\u00e3o oferecer a experi\u00eancia completa pretendida<\/span><\/p><p style=\"font-family: Roboto, sans-serif; font-size: 15px; font-style: normal; font-variant-ligatures: normal; font-variant-caps: normal; font-weight: 400;\"><\/p><h3 style=\"color: rgb(50, 50, 50); font-family: Poppins, sans-serif; font-size: 1.625em; line-height: 1.15; font-style: normal; font-variant-ligatures: normal; font-variant-caps: normal;\">6. Explorando links externos<\/h3><p style=\"font-family: Roboto, sans-serif; font-size: 15px; font-style: normal; font-variant-ligatures: normal; font-variant-caps: normal; font-weight: 400;\"><\/p><p style=\"font-family: Roboto, sans-serif; font-size: 15px; font-style: normal; font-variant-ligatures: normal; font-variant-caps: normal; font-weight: 400;\">O nosso site pode incluir links para sites externos que achamos que podem ser do seu interesse. Note que n\u00e3o temos controle sobre esses sites externos e, portanto, n\u00e3o somos respons\u00e1veis pelo seu conte\u00fado ou pol\u00edticas.<\/p><p style=\"font-family: Roboto, sans-serif; font-size: 15px; font-style: normal; font-variant-ligatures: normal; font-variant-caps: normal; font-weight: 400;\"><\/p><h3 style=\"color: rgb(50, 50, 50); font-family: Poppins, sans-serif; font-size: 1.625em; line-height: 1.15; font-style: normal; font-variant-ligatures: normal; font-variant-caps: normal;\">7. Mudan\u00e7as e atualiza\u00e7\u00f5es<\/h3><p style=\"font-family: Roboto, sans-serif; font-size: 15px; font-style: normal; font-variant-ligatures: normal; font-variant-caps: normal; font-weight: 400;\"><\/p><p style=\"font-family: Roboto, sans-serif; font-size: 15px; font-style: normal; font-variant-ligatures: normal; font-variant-caps: normal; font-weight: 400;\">A evolu\u00e7\u00e3o \u00e9 parte de como operamos, o que significa que estes Termos e Condi\u00e7\u00f5es podem passar por atualiza\u00e7\u00f5es para refletir melhor as mudan\u00e7as nos nossos servi\u00e7os ou na legisla\u00e7\u00e3o. Sempre que isso acontecer, encontrar\u00e1 a vers\u00e3o mais recente dispon\u00edvel aqui. Se as altera\u00e7\u00f5es forem significativas, faremos o poss\u00edvel para notific\u00e1-lo atrav\u00e9s dos meios de contacto que nos forneceu.<\/p><p style=\"font-family: Roboto, sans-serif; font-size: 15px; font-style: normal; font-variant-ligatures: normal; font-variant-caps: normal; font-weight: 400;\"><span style=\"word-spacing: normal;\">Continuar a aceder o site ap\u00f3s essas mudan\u00e7as indica que concorda com os novos termos. Se, por qualquer motivo, n\u00e3o concordar com as atualiza\u00e7\u00f5es, pedimos que n\u00e3o continue a utilizar o nosso site e servi\u00e7os<\/span><span style=\"word-spacing: normal;\">.<\/span><\/p><p style=\"font-family: Roboto, sans-serif; font-size: 15px; font-style: normal; font-variant-ligatures: normal; font-variant-caps: normal; font-weight: 400;\"><\/p><h4 style=\"color: rgb(50, 50, 50); font-family: Poppins, sans-serif; font-size: 1.2em; line-height: 1.22; font-style: normal; font-variant-ligatures: normal; font-variant-caps: normal;\">D\u00favidas ou coment\u00e1rios?<\/h4><p style=\"font-family: Roboto, sans-serif; font-size: 15px; font-style: normal; font-variant-ligatures: normal; font-variant-caps: normal; font-weight: 400;\"><\/p><p style=\"font-family: Roboto, sans-serif; font-size: 15px; font-style: normal; font-variant-ligatures: normal; font-variant-caps: normal; font-weight: 400;\">Se tiver d\u00favidas sobre estes termos, n\u00e3o hesite em nos contatar atrav\u00e9s do e-mail <a href=\"mailto:saludis@joviflex.pt\">saludis@joviflex.pt<\/a>.<\/p><p style=\"font-family: Roboto, sans-serif; font-size: 15px; font-style: normal; font-variant-ligatures: normal; font-variant-caps: normal; font-weight: 400;\"><i>data da \u00faltima actualiza\u00e7\u00e3o: 2025-10-15<\/i><\/p>\t\t\t\t\t\t<\/div>\n\t\t\t\t<\/div>\n\t\t\t\t\t<\/div>\n\t\t\t\t<\/div>\n\t\t\t\t<\/div>\n\t\t","protected":false},"excerpt":{"rendered":"<p>Termos e Condi\u00e7\u00f5es Seja bem-vindo ao site da SALUDIS. Antes de explorar tudo o que temos a oferecer, \u00e9 importante que entenda e concorde com algumas regras b\u00e1sicas que regem o uso do nosso site www.joviflex.pt\/saludis, e qualquer outro servi\u00e7o digital que n\u00f3s oferecemos, como lojas e plataformas de e-commerce. Ao utilizar o nosso site [&hellip;]<\/p>\n","protected":false},"author":1,"featured_media":0,"parent":0,"menu_order":0,"comment_status":"closed","ping_status":"closed","template":"","meta":{"footnotes":""},"class_list":["post-696","page","type-page","status-publish","hentry","entry","owp-thumbs-layout-horizontal","owp-btn-normal","owp-tabs-layout-horizontal","has-no-thumbnails","has-product-nav"],"_links":{"self":[{"href":"https:\/\/joviflex.pt\/saludis\/wp-json\/wp\/v2\/pages\/696","targetHints":{"allow":["GET"]}}],"collection":[{"href":"https:\/\/joviflex.pt\/saludis\/wp-json\/wp\/v2\/pages"}],"about":[{"href":"https:\/\/joviflex.pt\/saludis\/wp-json\/wp\/v2\/types\/page"}],"author":[{"embeddable":true,"href":"https:\/\/joviflex.pt\/saludis\/wp-json\/wp\/v2\/users\/1"}],"replies":[{"embeddable":true,"href":"https:\/\/joviflex.pt\/saludis\/wp-json\/wp\/v2\/comments?post=696"}],"version-history":[{"count":4,"href":"https:\/\/joviflex.pt\/saludis\/wp-json\/wp\/v2\/pages\/696\/revisions"}],"predecessor-version":[{"id":701,"href":"https:\/\/joviflex.pt\/saludis\/wp-json\/wp\/v2\/pages\/696\/revisions\/701"}],"wp:attachment":[{"href":"https:\/\/joviflex.pt\/saludis\/wp-json\/wp\/v2\/media?parent=696"}],"curies":[{"name":"wp","href":"https:\/\/api.w.org\/{rel}","templated":true}]}}