{"id":268,"date":"2024-06-13T16:53:08","date_gmt":"2024-06-13T16:53:08","guid":{"rendered":"https:\/\/joviflex.pt\/saludis\/?post_type=product&#038;p=268"},"modified":"2026-01-05T17:21:34","modified_gmt":"2026-01-05T17:21:34","slug":"sanus-flex","status":"publish","type":"product","link":"https:\/\/joviflex.pt\/saludis\/produto\/sanus-flex\/","title":{"rendered":"Sanus Flex"},"content":{"rendered":"<h1 style=\"text-align: center;\"><strong>Exclusividade de um descanso firme<\/strong><\/h1>\n<p>O modelo Sanus Flex da gama exclusiva SALUDIS Sanus caracterizase pela espuma viscoel\u00e1stica de mem\u00f3ria, para conferir um confroto modelador, com uma estrutura bloco de espuma de alta resili\u00eancia, acabamento em tecido duplo jaquard de alta qualidade e design exclusivo.<\/p>\n<p><img decoding=\"async\" class=\"aligncenter\" src=\"https:\/\/joviflex.pt\/saludis\/wp-content\/uploads\/2024\/06\/saludis_sanus_flex_camadas.jpg\" alt=\"Colch\u00e3o Saludis Sanus Flex\" \/><\/p>\n<p><img decoding=\"async\" class=\"aligncenter\" src=\"https:\/\/joviflex.pt\/saludis\/wp-content\/uploads\/2024\/06\/saludis_sanus_flex_icones.jpg\" alt=\"Colch\u00e3o Saludis Sanus Flex\" \/><\/p>\n","protected":false},"excerpt":{"rendered":"<p>Bloco de espuma de alta resili\u00eancia com espuma e viscoel\u00e1stica e tecido duplo jaquard de alta qualidade.<\/p>\n<p><strong>campanha v\u00e1lida de 01\/01\/2026 a 30\/06\/2026<\/strong><\/p>\n<p><img decoding=\"async\" src=\"https:\/\/joviflex.pt\/saludis\/wp-content\/uploads\/2024\/06\/saludis_sanus_flex_ambientepromo.jpg\" alt=\"Colch\u00e3o Saludis Sanus Flex\" \/><\/p>\n<p><strong>bloco de espuma de alta resili\u00eancia | viscoel\u00e1stica | tecido alta qualidade | modelo revers\u00edvel<\/strong><\/p>\n","protected":false},"featured_media":279,"template":"","meta":[],"product_brand":[],"product_cat":[17],"product_tag":[],"class_list":{"0":"post-268","1":"product","2":"type-product","3":"status-publish","4":"has-post-thumbnail","6":"product_cat-colchoes","8":"entry","9":"has-media","11":"first","12":"instock","13":"sale","14":"shipping-taxable","15":"purchasable","16":"product-type-variable","17":"has-product-nav","18":"col","19":"span_1_of_3","20":"owp-content-center","21":"owp-thumbs-layout-horizontal","22":"owp-btn-normal","23":"owp-tabs-layout-horizontal"},"_links":{"self":[{"href":"https:\/\/joviflex.pt\/saludis\/wp-json\/wp\/v2\/product\/268","targetHints":{"allow":["GET"]}}],"collection":[{"href":"https:\/\/joviflex.pt\/saludis\/wp-json\/wp\/v2\/product"}],"about":[{"href":"https:\/\/joviflex.pt\/saludis\/wp-json\/wp\/v2\/types\/product"}],"wp:featuredmedia":[{"embeddable":true,"href":"https:\/\/joviflex.pt\/saludis\/wp-json\/wp\/v2\/media\/279"}],"wp:attachment":[{"href":"https:\/\/joviflex.pt\/saludis\/wp-json\/wp\/v2\/media?parent=268"}],"wp:term":[{"taxonomy":"product_brand","embeddable":true,"href":"https:\/\/joviflex.pt\/saludis\/wp-json\/wp\/v2\/product_brand?post=268"},{"taxonomy":"product_cat","embeddable":true,"href":"https:\/\/joviflex.pt\/saludis\/wp-json\/wp\/v2\/product_cat?post=268"},{"taxonomy":"product_tag","embeddable":true,"href":"https:\/\/joviflex.pt\/saludis\/wp-json\/wp\/v2\/product_tag?post=268"}],"curies":[{"name":"wp","href":"https:\/\/api.w.org\/{rel}","templated":true}]}}