{"id":289,"date":"2024-06-13T17:01:35","date_gmt":"2024-06-13T17:01:35","guid":{"rendered":"https:\/\/joviflex.pt\/saludis\/?post_type=product&#038;p=289"},"modified":"2026-01-05T17:21:30","modified_gmt":"2026-01-05T17:21:30","slug":"sanus-box","status":"publish","type":"product","link":"https:\/\/joviflex.pt\/saludis\/produto\/sanus-box\/","title":{"rendered":"Sanus Box"},"content":{"rendered":"<h1 style=\"text-align: center;\"><strong>Exclusividade de um descanso confort\u00e1vel<\/strong><\/h1>\n<p>O modelo Sanus Box da gama exclusiva SALUDIS Sanus caracteriza-se pelo sistema extra conforto e espuma viscoel\u00e1stica de mem\u00f3ria, para conferir um conforto modelador, com uma estrutura de mola bonnel com aro de espuma super dura, acabamento em tecido duplo jaquard de alta qualidade e design exclusivo.<\/p>\n<p><img decoding=\"async\" class=\"aligncenter\" src=\"https:\/\/joviflex.pt\/saludis\/wp-content\/uploads\/2024\/06\/saludis_sanus_box_camadas.jpg\" alt=\"Colch\u00e3o Saludis Sanus Box\" \/><\/p>\n<p><img decoding=\"async\" class=\"aligncenter\" src=\"https:\/\/joviflex.pt\/saludis\/wp-content\/uploads\/2024\/06\/saludis_sanus_box_icones.jpg\" alt=\"Colch\u00e3o Saludis Sanus Box\" \/><\/p>\n","protected":false},"excerpt":{"rendered":"<p>Carca\u00e7a de mola bonnel como refor\u00e7o perif\u00e9rico em box de espuma super dura, espuma viscoel\u00e1stica e tecido duplo jaquard de alta qualidade.<\/p>\n<p><strong>campanha v\u00e1lida de 01\/01\/2026 a 30\/06\/2026<\/strong><\/p>\n<p><img decoding=\"async\" src=\"https:\/\/joviflex.pt\/saludis\/wp-content\/uploads\/2024\/06\/saludis_sanus_box_ambientepromo.jpg\" alt=\"Colch\u00e3o Saludis Sanus Box\" \/><\/p>\n<p><strong>mola bonnel com aro de espuma super dura | viscoel\u00e1stica | tecido alta qualidade | modelo revers\u00edvel<\/strong><\/p>\n","protected":false},"featured_media":300,"template":"","meta":[],"product_brand":[],"product_cat":[17],"product_tag":[],"class_list":{"0":"post-289","1":"product","2":"type-product","3":"status-publish","4":"has-post-thumbnail","6":"product_cat-colchoes","8":"entry","9":"has-media","11":"first","12":"instock","13":"sale","14":"shipping-taxable","15":"purchasable","16":"product-type-variable","17":"has-product-nav","18":"col","19":"span_1_of_3","20":"owp-content-center","21":"owp-thumbs-layout-horizontal","22":"owp-btn-normal","23":"owp-tabs-layout-horizontal"},"_links":{"self":[{"href":"https:\/\/joviflex.pt\/saludis\/wp-json\/wp\/v2\/product\/289","targetHints":{"allow":["GET"]}}],"collection":[{"href":"https:\/\/joviflex.pt\/saludis\/wp-json\/wp\/v2\/product"}],"about":[{"href":"https:\/\/joviflex.pt\/saludis\/wp-json\/wp\/v2\/types\/product"}],"wp:featuredmedia":[{"embeddable":true,"href":"https:\/\/joviflex.pt\/saludis\/wp-json\/wp\/v2\/media\/300"}],"wp:attachment":[{"href":"https:\/\/joviflex.pt\/saludis\/wp-json\/wp\/v2\/media?parent=289"}],"wp:term":[{"taxonomy":"product_brand","embeddable":true,"href":"https:\/\/joviflex.pt\/saludis\/wp-json\/wp\/v2\/product_brand?post=289"},{"taxonomy":"product_cat","embeddable":true,"href":"https:\/\/joviflex.pt\/saludis\/wp-json\/wp\/v2\/product_cat?post=289"},{"taxonomy":"product_tag","embeddable":true,"href":"https:\/\/joviflex.pt\/saludis\/wp-json\/wp\/v2\/product_tag?post=289"}],"curies":[{"name":"wp","href":"https:\/\/api.w.org\/{rel}","templated":true}]}}