{"id":308,"date":"2024-06-13T17:07:37","date_gmt":"2024-06-13T17:07:37","guid":{"rendered":"https:\/\/joviflex.pt\/saludis\/?post_type=product&#038;p=308"},"modified":"2026-01-05T17:21:06","modified_gmt":"2026-01-05T17:21:06","slug":"athletic","status":"publish","type":"product","link":"https:\/\/joviflex.pt\/saludis\/produto\/athletic\/","title":{"rendered":"Athletic"},"content":{"rendered":"<h1 style=\"text-align: center;\"><strong>A op\u00e7\u00e3o para desportistas<\/strong><\/h1>\n<p>A alimenta\u00e7\u00e3o, o desporto e o descanso s\u00e3o os tr\u00eas pilares para uma vida saud\u00e1vel e equilibrada. A SALUDIS apresenta o colch\u00e3o ATHLETIC, ideal para pessoas activas que procuram um descanso saud\u00e1vel e reparador depois da pr\u00e1tica desportiva ou de um dia de trabalho extenuante.<\/p>\n<p>O modelo ATHLETIC \u00e9 um colch\u00e3o de firmeza interm\u00e9dia e adapt\u00e1vel, gra\u00e7as \u00e0 sua carca\u00e7a de molas ensacadas de 7 zonas de conforto, distintas para cada parte do corpo, \u00e0 espuma perfilada, ideal para a liberta\u00e7\u00e3o de pontos de press\u00e3o e \u00e0 vanguarda do viscografeno, que dissipa a electricidade est\u00e1tica, ao mesmo tempo que regula a temperatura do colch\u00e3o.<\/p>\n<p><img decoding=\"async\" class=\"aligncenter\" src=\"https:\/\/joviflex.pt\/saludis\/wp-content\/uploads\/2024\/06\/saludis_athletic_camadas.jpg\" alt=\"Colch\u00e3o Saludis Athletic\" \/><\/p>\n<p><img decoding=\"async\" class=\"aligncenter\" src=\"https:\/\/joviflex.pt\/saludis\/wp-content\/uploads\/2024\/06\/saludis_athletic_icones.jpg\" alt=\"Colch\u00e3o Saludis Athletic\" \/><\/p>\n","protected":false},"excerpt":{"rendered":"<p>Carca\u00e7a de mola ensacada multimola 7 zonas com espuma perfilada e viscografeno e tecido duplo jaquard de alta qualidade.<\/p>\n<p><strong>campanha v\u00e1lida de 01\/01\/2026 a 30\/06\/2026<\/strong><\/p>\n<p><img decoding=\"async\" src=\"https:\/\/joviflex.pt\/saludis\/wp-content\/uploads\/2024\/06\/saludis_athletic_ambientepromo.jpg\" alt=\"Colch\u00e3o Saludis Athletic\" \/><\/p>\n<p><strong>mola ensacada multimola 7 zonas (676 molas por m2) | espuma perfilada | viscografeno | adequado para desportistas \/ pessoas activas | lateral 3D | modelo revers\u00edvel<\/strong><\/p>\n","protected":false},"featured_media":319,"template":"","meta":[],"product_brand":[],"product_cat":[17],"product_tag":[],"class_list":{"0":"post-308","1":"product","2":"type-product","3":"status-publish","4":"has-post-thumbnail","6":"product_cat-colchoes","8":"entry","9":"has-media","11":"first","12":"instock","13":"sale","14":"shipping-taxable","15":"purchasable","16":"product-type-variable","17":"has-product-nav","18":"col","19":"span_1_of_3","20":"owp-content-center","21":"owp-thumbs-layout-horizontal","22":"owp-btn-normal","23":"owp-tabs-layout-horizontal"},"_links":{"self":[{"href":"https:\/\/joviflex.pt\/saludis\/wp-json\/wp\/v2\/product\/308","targetHints":{"allow":["GET"]}}],"collection":[{"href":"https:\/\/joviflex.pt\/saludis\/wp-json\/wp\/v2\/product"}],"about":[{"href":"https:\/\/joviflex.pt\/saludis\/wp-json\/wp\/v2\/types\/product"}],"wp:featuredmedia":[{"embeddable":true,"href":"https:\/\/joviflex.pt\/saludis\/wp-json\/wp\/v2\/media\/319"}],"wp:attachment":[{"href":"https:\/\/joviflex.pt\/saludis\/wp-json\/wp\/v2\/media?parent=308"}],"wp:term":[{"taxonomy":"product_brand","embeddable":true,"href":"https:\/\/joviflex.pt\/saludis\/wp-json\/wp\/v2\/product_brand?post=308"},{"taxonomy":"product_cat","embeddable":true,"href":"https:\/\/joviflex.pt\/saludis\/wp-json\/wp\/v2\/product_cat?post=308"},{"taxonomy":"product_tag","embeddable":true,"href":"https:\/\/joviflex.pt\/saludis\/wp-json\/wp\/v2\/product_tag?post=308"}],"curies":[{"name":"wp","href":"https:\/\/api.w.org\/{rel}","templated":true}]}}