{"id":328,"date":"2024-06-13T17:15:06","date_gmt":"2024-06-13T17:15:06","guid":{"rendered":"https:\/\/joviflex.pt\/saludis\/?post_type=product&#038;p=328"},"modified":"2026-01-05T17:20:54","modified_gmt":"2026-01-05T17:20:54","slug":"nature","status":"publish","type":"product","link":"https:\/\/joviflex.pt\/saludis\/produto\/nature\/","title":{"rendered":"Nature"},"content":{"rendered":"<h1 style=\"text-align: center;\"><strong>O toque cl\u00e1ssico e luxuoso da viscose<\/strong><\/h1>\n<p>O modelo SALUDIS Nature, de firmeza m\u00e9dia e ajust\u00e1vel ao corpo para maior conforto, \u00e9 composto por uma estrutura de mola ensacada com aro de espuma super dura, sistema extra conforto e, no seu enchimento, conta com espuma suave e algod\u00e3o 100% natural, com acabamento em tecido damasco viscose de alta qualidade e design cl\u00e1ssico.<\/p>\n<p><img decoding=\"async\" class=\"aligncenter\" src=\"https:\/\/joviflex.pt\/saludis\/wp-content\/uploads\/2024\/06\/saludis_nature_camadas.jpg\" alt=\"Colch\u00e3o Saludis Nature\" \/><\/p>\n<p><img decoding=\"async\" class=\"aligncenter\" src=\"https:\/\/joviflex.pt\/saludis\/wp-content\/uploads\/2024\/06\/saludis_nature_icocnes.jpg\" alt=\"Colch\u00e3o Saludis Nature\" \/><\/p>\n","protected":false},"excerpt":{"rendered":"<p>Carca\u00e7a refor\u00e7ada de mola ensacada com sistema premium extra conforto com espuma suave, algod\u00e3o 100% natural e tecido viscose de alta qualidade.<\/p>\n<p><strong>campanha v\u00e1lida de 01\/01\/2026 a 30\/06\/2026<\/strong><\/p>\n<p><img decoding=\"async\" src=\"https:\/\/joviflex.pt\/saludis\/wp-content\/uploads\/2024\/06\/saludis_nature_ambientepromo.jpg\" alt=\"Colch\u00e3o Saludis Nature\" \/><\/p>\n<p><strong>mola ensacada | espuma suave | algod\u00e3o | tecido viscose | modelo revers\u00edvel<\/strong><\/p>\n","protected":false},"featured_media":339,"template":"","meta":[],"product_brand":[],"product_cat":[17],"product_tag":[],"class_list":{"0":"post-328","1":"product","2":"type-product","3":"status-publish","4":"has-post-thumbnail","6":"product_cat-colchoes","8":"entry","9":"has-media","11":"first","12":"instock","13":"sale","14":"shipping-taxable","15":"purchasable","16":"product-type-variable","17":"has-product-nav","18":"col","19":"span_1_of_3","20":"owp-content-center","21":"owp-thumbs-layout-horizontal","22":"owp-btn-normal","23":"owp-tabs-layout-horizontal"},"_links":{"self":[{"href":"https:\/\/joviflex.pt\/saludis\/wp-json\/wp\/v2\/product\/328","targetHints":{"allow":["GET"]}}],"collection":[{"href":"https:\/\/joviflex.pt\/saludis\/wp-json\/wp\/v2\/product"}],"about":[{"href":"https:\/\/joviflex.pt\/saludis\/wp-json\/wp\/v2\/types\/product"}],"wp:featuredmedia":[{"embeddable":true,"href":"https:\/\/joviflex.pt\/saludis\/wp-json\/wp\/v2\/media\/339"}],"wp:attachment":[{"href":"https:\/\/joviflex.pt\/saludis\/wp-json\/wp\/v2\/media?parent=328"}],"wp:term":[{"taxonomy":"product_brand","embeddable":true,"href":"https:\/\/joviflex.pt\/saludis\/wp-json\/wp\/v2\/product_brand?post=328"},{"taxonomy":"product_cat","embeddable":true,"href":"https:\/\/joviflex.pt\/saludis\/wp-json\/wp\/v2\/product_cat?post=328"},{"taxonomy":"product_tag","embeddable":true,"href":"https:\/\/joviflex.pt\/saludis\/wp-json\/wp\/v2\/product_tag?post=328"}],"curies":[{"name":"wp","href":"https:\/\/api.w.org\/{rel}","templated":true}]}}